{"id":63,"date":"2024-07-14T12:02:21","date_gmt":"2024-07-14T10:02:21","guid":{"rendered":"https:\/\/dftechnic.com\/services\/"},"modified":"2024-09-24T21:00:53","modified_gmt":"2024-09-24T19:00:53","slug":"services","status":"publish","type":"page","link":"https:\/\/dftechnic.com\/de\/services\/","title":{"rendered":"Leistungen"},"content":{"rendered":"<div class=\"wp-block-uagb-container uagb-block-a6be1363 alignfull uagb-is-root-container\"><div class=\"uagb-container__shape uagb-container__shape-bottom uagb-container__shape-flip uagb-container__invert\" data-negative=\"false\"><svg xmlns=\"https:\/\/www.w3.org\/2000\/svg\" viewbox=\"0 0 1000 100\" preserveaspectratio=\"none\"><path class=\"uagb-container__shape-fill\" d=\"M0,6V0h1000v100L0,6z\"><\/path><\/svg><\/div><div class=\"uagb-container-inner-blocks-wrap\">\n<div class=\"wp-block-uagb-advanced-heading uagb-block-81d18f4d\"><p class=\"uagb-desc-text\">Fortgeschritten<\/p><h1 class=\"uagb-heading-text\">Innovative Isolierungsl\u00f6sungen weltweit<\/h1><\/div>\n<\/div><\/div>\n\n\n\n<div class=\"wp-block-uagb-container uagb-block-5e795505 alignfull uagb-is-root-container\"><div class=\"uagb-container__shape uagb-container__shape-top\"><svg xmlns=\"https:\/\/www.w3.org\/2000\/svg\" viewbox=\"0 0 2600 131.1\" preserveaspectratio=\"none\"><path class=\"uagb-container__shape-fill\" d=\"M0 0L2600 0 2600 69.1 0 0z\"><\/path><path class=\"uagb-container__shape-fill\" opacity=\"0.5\" d=\"M0 0L2600 0 2600 69.1 0 69.1z\"><\/path><path class=\"uagb-container__shape-fill\" opacity=\"0.25\" d=\"M2600 0L0 0 0 130.1 2600 69.1z\"><\/path><\/svg><\/div><div class=\"uagb-container-inner-blocks-wrap\">\n<div class=\"wp-block-uagb-container uagb-layout-flex uagb-block-072f422e\">\n<div class=\"wp-block-uagb-container uagb-layout-grid uagb-block-207e88ff\">\n<div class=\"wp-block-uagb-advanced-heading uagb-block-f273d26c\"><h2 class=\"uagb-heading-text\">01.<\/h2><\/div>\n\n\n\n<div class=\"wp-block-uagb-advanced-heading uagb-block-d4c852b6\"><h3 class=\"uagb-heading-text\">Turbinenisolierung<\/h3><p class=\"uagb-desc-text\">Unsere Turbinenisolierungsl\u00f6sungen sind mit fortschrittlichen Materialien entwickelt, um Effizienz und Langlebigkeit zu optimieren und die h\u00f6chsten Branchenstandards zu erf\u00fcllen.<\/p><\/div>\n<\/div>\n\n\n\n<div data-aos= \"fade\" data-aos-duration=\"400\" data-aos-delay=\"0\" data-aos-easing=\"ease\" data-aos-once=\"true\" class=\"wp-block-uagb-image alignleft uagb-block-0a5f8551 wp-block-uagb-image--layout-default wp-block-uagb-image--effect-zoomin wp-block-uagb-image--align-left\"><figure class=\"wp-block-uagb-image__figure\"><img decoding=\"async\" srcset=\"https:\/\/dftechnic.com\/wp-content\/uploads\/2024\/07\/TURBINY-2-1024x576.jpg ,https:\/\/dftechnic.com\/wp-content\/uploads\/2024\/07\/TURBINY-2-scaled.jpg 780w, https:\/\/dftechnic.com\/wp-content\/uploads\/2024\/07\/TURBINY-2-scaled.jpg 360w\" sizes=\"auto, (max-width: 480px) 150px\" src=\"https:\/\/dftechnic.com\/wp-content\/uploads\/2024\/07\/TURBINY-2-1024x576.jpg\" alt=\"\" class=\"uag-image-344\" width=\"500\" height=\"400\" title=\"\" loading=\"lazy\" role=\"img\"\/><\/figure><\/div>\n<\/div>\n\n\n\n<div class=\"wp-block-uagb-container uagb-layout-flex uagb-block-f38d5948\">\n<div class=\"wp-block-uagb-container uagb-layout-grid uagb-block-adcfbba8\">\n<div class=\"wp-block-uagb-advanced-heading uagb-block-b3c9acda\"><h2 class=\"uagb-heading-text\">02.<\/h2><\/div>\n\n\n\n<div class=\"wp-block-uagb-advanced-heading uagb-block-45689c19\"><h3 class=\"uagb-heading-text\">Industrielle Isolierung<\/h3><p class=\"uagb-desc-text\">Unsere industriellen Isolierungsdienstleistungen bieten eine zuverl\u00e4ssige Barriere gegen extreme Hitze und K\u00e4lte und tragen zur Energieeffizienz sowie zum Schutz der Ger\u00e4te bei.<\/p><\/div>\n<\/div>\n\n\n\n<div data-aos= \"fade\" data-aos-duration=\"400\" data-aos-delay=\"0\" data-aos-easing=\"ease\" data-aos-once=\"true\" class=\"wp-block-uagb-image alignleft uagb-block-c01a27df wp-block-uagb-image--layout-default wp-block-uagb-image--effect-zoomin wp-block-uagb-image--align-left\"><figure class=\"wp-block-uagb-image__figure\"><img decoding=\"async\" srcset=\"https:\/\/dftechnic.com\/wp-content\/uploads\/2024\/07\/IMG_1991-1024x773.jpg ,https:\/\/dftechnic.com\/wp-content\/uploads\/2024\/07\/IMG_1991-scaled.jpg 780w, https:\/\/dftechnic.com\/wp-content\/uploads\/2024\/07\/IMG_1991-scaled.jpg 360w\" sizes=\"auto, (max-width: 480px) 150px\" src=\"https:\/\/dftechnic.com\/wp-content\/uploads\/2024\/07\/IMG_1991-1024x773.jpg\" alt=\"\" class=\"uag-image-342\" width=\"500\" height=\"400\" title=\"\" loading=\"lazy\" role=\"img\"\/><\/figure><\/div>\n<\/div>\n\n\n\n<div class=\"wp-block-uagb-container uagb-layout-flex uagb-block-4ee57f3e\">\n<div class=\"wp-block-uagb-container uagb-layout-grid uagb-block-594a8eea\">\n<div class=\"wp-block-uagb-advanced-heading uagb-block-5d6c5941\"><h2 class=\"uagb-heading-text\">03.<\/h2><\/div>\n\n\n\n<div class=\"wp-block-uagb-advanced-heading uagb-block-8d75b0c9\"><h3 class=\"uagb-heading-text\">Spritzisolierung<\/h3><p class=\"uagb-desc-text\">Mit modernsten Techniken schaffen unsere Spritzisolierungsdienste eine nahtlose Schutzschicht, die den Wert erh\u00f6ht, indem sie Temperatur und Ger\u00e4uschpegel effektiv reguliert.<\/p><\/div>\n<\/div>\n\n\n\n<div data-aos= \"fade\" data-aos-duration=\"400\" data-aos-delay=\"0\" data-aos-easing=\"ease\" data-aos-once=\"true\" class=\"wp-block-uagb-image alignleft uagb-block-72d592a2 wp-block-uagb-image--layout-default wp-block-uagb-image--effect-zoomin wp-block-uagb-image--align-left\"><figure class=\"wp-block-uagb-image__figure\"><img decoding=\"async\" srcset=\"https:\/\/dftechnic.com\/wp-content\/uploads\/2024\/07\/pianka-877x1024.jpg ,https:\/\/dftechnic.com\/wp-content\/uploads\/2024\/07\/pianka-scaled.jpg 780w, https:\/\/dftechnic.com\/wp-content\/uploads\/2024\/07\/pianka-scaled.jpg 360w\" sizes=\"auto, (max-width: 480px) 150px\" src=\"https:\/\/dftechnic.com\/wp-content\/uploads\/2024\/07\/pianka-877x1024.jpg\" alt=\"\" class=\"uag-image-326\" width=\"500\" height=\"400\" title=\"\" loading=\"lazy\" role=\"img\"\/><\/figure><\/div>\n<\/div>\n\n\n\n<div class=\"wp-block-uagb-container uagb-layout-flex uagb-block-5b6aae16\">\n<div class=\"wp-block-uagb-container uagb-layout-grid uagb-block-7fd03271\">\n<div class=\"wp-block-uagb-advanced-heading uagb-block-c28dc3f2\"><h2 class=\"uagb-heading-text\">04.<\/h2><\/div>\n\n\n\n<div class=\"wp-block-uagb-advanced-heading uagb-block-584a0e4a\"><h3 class=\"uagb-heading-text\">Isoliermatte<\/h3><p class=\"uagb-desc-text\">Unsere Isoliermatten bieten eine vielseitige L\u00f6sung f\u00fcr unterschiedliche Isolierungsbed\u00fcrfnisse und bieten langlebige sowie anpassbare Optionen f\u00fcr industrielle und kommerzielle Anwendungen.<\/p><\/div>\n<\/div>\n\n\n\n<div data-aos= \"fade\" data-aos-duration=\"400\" data-aos-delay=\"0\" data-aos-easing=\"ease\" data-aos-once=\"true\" class=\"wp-block-uagb-image alignleft uagb-block-b67cef6d wp-block-uagb-image--layout-default wp-block-uagb-image--effect-zoomin wp-block-uagb-image--align-left\"><figure class=\"wp-block-uagb-image__figure\"><img decoding=\"async\" srcset=\"https:\/\/dftechnic.com\/wp-content\/uploads\/2024\/07\/IMG_1364-768x1024.jpeg ,https:\/\/dftechnic.com\/wp-content\/uploads\/2024\/07\/IMG_1364.jpeg 780w, https:\/\/dftechnic.com\/wp-content\/uploads\/2024\/07\/IMG_1364.jpeg 360w\" sizes=\"auto, (max-width: 480px) 150px\" src=\"https:\/\/dftechnic.com\/wp-content\/uploads\/2024\/07\/IMG_1364-768x1024.jpeg\" alt=\"\" class=\"uag-image-278\" width=\"500\" height=\"400\" title=\"\" loading=\"lazy\" role=\"img\"\/><\/figure><\/div>\n<\/div>\n\n\n\n<div class=\"wp-block-uagb-container uagb-layout-flex uagb-block-646c39c1\">\n<div class=\"wp-block-uagb-container uagb-layout-grid uagb-block-4d8e5627\">\n<div class=\"wp-block-uagb-advanced-heading uagb-block-8704c861\"><h2 class=\"uagb-heading-text\">05.<\/h2><\/div>\n\n\n\n<div class=\"wp-block-columns is-layout-flex wp-container-core-columns-is-layout-28f84493 wp-block-columns-is-layout-flex\">\n<div class=\"wp-block-column is-layout-flow wp-block-column-is-layout-flow\" style=\"flex-basis:100%\">\n<div class=\"wp-block-columns is-layout-flex wp-container-core-columns-is-layout-28f84493 wp-block-columns-is-layout-flex\">\n<div class=\"wp-block-column is-layout-flow wp-block-column-is-layout-flow\" style=\"flex-basis:100%\">\n<div class=\"wp-block-group is-layout-constrained wp-block-group-is-layout-constrained\">\n<div class=\"wp-block-columns is-layout-flex wp-container-core-columns-is-layout-28f84493 wp-block-columns-is-layout-flex\">\n<div class=\"wp-block-column is-layout-flow wp-block-column-is-layout-flow\" style=\"flex-basis:100%\">\n<div class=\"wp-block-uagb-advanced-heading uagb-block-8d75b0c9\">\n  <h3 class=\"uagb-heading-text\">Konstruktionen<\/h3>\n  <p class=\"uagb-desc-text\">Wir bieten umfassende Baudienstleistungen an und nutzen fortschrittliche 3D-Modelle f\u00fcr statische Berechnungen. Unsere Metallkonstruktionen werden aus Baustahl, Aluminium und Edelstahl gefertigt. Auf Anfrage wenden wir sch\u00fctzende Beschichtungen an, darunter Malerei, Pulverbeschichtung, Verzinkung und Brandschutz.<\/p>\n<\/div>\n<\/div>\n<\/div>\n<\/div>\n<\/div>\n<\/div>\n<\/div>\n<\/div>\n<\/div>\n\n\n\n<div data-aos= \"fade\" data-aos-duration=\"400\" data-aos-delay=\"0\" data-aos-easing=\"ease\" data-aos-once=\"true\" class=\"wp-block-uagb-image alignleft uagb-block-8c6b79d7 wp-block-uagb-image--layout-default wp-block-uagb-image--effect-zoomin wp-block-uagb-image--align-left\"><figure class=\"wp-block-uagb-image__figure\"><img decoding=\"async\" srcset=\"https:\/\/dftechnic.com\/wp-content\/uploads\/2024\/09\/SCR-20240924-rjcw-1024x678.jpeg ,https:\/\/dftechnic.com\/wp-content\/uploads\/2024\/09\/SCR-20240924-rjcw.jpeg 780w, https:\/\/dftechnic.com\/wp-content\/uploads\/2024\/09\/SCR-20240924-rjcw.jpeg 360w\" sizes=\"auto, (max-width: 480px) 150px\" src=\"https:\/\/dftechnic.com\/wp-content\/uploads\/2024\/09\/SCR-20240924-rjcw-1024x678.jpeg\" alt=\"\" class=\"uag-image-427\" width=\"500\" height=\"400\" title=\"Screenshot\" loading=\"lazy\" role=\"img\"\/><\/figure><\/div>\n<\/div>\n\n\n\n<div class=\"wp-block-uagb-container uagb-layout-flex uagb-block-29519f3c\">\n<div class=\"wp-block-uagb-container uagb-layout-grid uagb-block-e164ccf9\">\n<div class=\"wp-block-uagb-advanced-heading uagb-block-74a795f5\"><h2 class=\"uagb-heading-text\">06.<\/h2><\/div>\n\n\n\n<div class=\"wp-block-columns is-layout-flex wp-container-core-columns-is-layout-28f84493 wp-block-columns-is-layout-flex\">\n<div class=\"wp-block-column is-layout-flow wp-block-column-is-layout-flow\" style=\"flex-basis:100%\">\n<div class=\"wp-block-columns is-layout-flex wp-container-core-columns-is-layout-28f84493 wp-block-columns-is-layout-flex\">\n<div class=\"wp-block-column is-layout-flow wp-block-column-is-layout-flow\" style=\"flex-basis:100%\">\n<div class=\"wp-block-group is-layout-constrained wp-block-group-is-layout-constrained\">\n<div class=\"wp-block-columns is-layout-flex wp-container-core-columns-is-layout-28f84493 wp-block-columns-is-layout-flex\">\n<div class=\"wp-block-column is-layout-flow wp-block-column-is-layout-flow\" style=\"flex-basis:100%\">\n<div class=\"wp-block-uagb-advanced-heading uagb-block-8d75b0c9\">\n  <h3 class=\"uagb-heading-text\">Fertigung<\/h3>\n  <p class=\"uagb-desc-text\">Unsere Werkstatt ist mit modernen Maschinen f\u00fcr Isolierung und Metallbearbeitung ausgestattet. Wir sind auf pr\u00e4zises Laserschneiden, Biegen und Walzen spezialisiert und gew\u00e4hrleisten Genauigkeit und Effizienz bei jeder Aufgabe. Dar\u00fcber hinaus erm\u00f6glichen uns unsere CNC-Bearbeitungsf\u00e4higkeiten, ma\u00dfgeschneiderte Metallteile nach Ihren Spezifikationen herzustellen.<\/p>\n<\/div>\n<\/div>\n<\/div>\n<\/div>\n<\/div>\n<\/div>\n<\/div>\n<\/div>\n<\/div>\n\n\n\n<div data-aos= \"fade\" data-aos-duration=\"400\" data-aos-delay=\"0\" data-aos-easing=\"ease\" data-aos-once=\"true\" class=\"wp-block-uagb-image alignleft uagb-block-4f30b97d wp-block-uagb-image--layout-default wp-block-uagb-image--effect-zoomin wp-block-uagb-image--align-left\"><figure class=\"wp-block-uagb-image__figure\"><img decoding=\"async\" srcset=\"https:\/\/dftechnic.com\/wp-content\/uploads\/2024\/09\/workshop-768x1024.jpeg ,https:\/\/dftechnic.com\/wp-content\/uploads\/2024\/09\/workshop-scaled.jpeg 780w, https:\/\/dftechnic.com\/wp-content\/uploads\/2024\/09\/workshop-scaled.jpeg 360w\" sizes=\"auto, (max-width: 480px) 150px\" src=\"https:\/\/dftechnic.com\/wp-content\/uploads\/2024\/09\/workshop-768x1024.jpeg\" alt=\"\" class=\"uag-image-434\" width=\"500\" height=\"400\" title=\"workshop\" loading=\"lazy\" role=\"img\"\/><\/figure><\/div>\n<\/div>\n\n\n\n<div class=\"wp-block-group is-layout-constrained wp-block-group-is-layout-constrained\">\n<div class=\"wp-block-columns is-layout-flex wp-container-core-columns-is-layout-28f84493 wp-block-columns-is-layout-flex\">\n<div class=\"wp-block-column is-layout-flow wp-block-column-is-layout-flow\" style=\"flex-basis:100%\">\n<div class=\"wp-block-group is-nowrap is-layout-flex wp-container-core-group-is-layout-6c531013 wp-block-group-is-layout-flex\"><\/div>\n\n\n\n<div class=\"wp-block-group is-nowrap is-layout-flex wp-container-core-group-is-layout-6c531013 wp-block-group-is-layout-flex\"><\/div>\n<\/div>\n<\/div>\n<\/div>\n<\/div><\/div>","protected":false},"excerpt":{"rendered":"<p>Advanced Cutting-Edge Insulation Solutions Worldwide 01. Turbines Insulation Our turbine insulation solutions are designed with advanced materials to optimize efficiency [&hellip;]<\/p>\n","protected":false},"author":1,"featured_media":0,"parent":0,"menu_order":0,"comment_status":"closed","ping_status":"closed","template":"","meta":{"_uag_custom_page_level_css":"","site-sidebar-layout":"default","site-content-layout":"","ast-site-content-layout":"default","site-content-style":"default","site-sidebar-style":"default","ast-global-header-display":"","ast-banner-title-visibility":"","ast-main-header-display":"","ast-hfb-above-header-display":"","ast-hfb-below-header-display":"","ast-hfb-mobile-header-display":"","site-post-title":"disabled","ast-breadcrumbs-content":"","ast-featured-img":"","footer-sml-layout":"","ast-disable-related-posts":"","theme-transparent-header-meta":"","adv-header-id-meta":"","stick-header-meta":"","header-above-stick-meta":"","header-main-stick-meta":"","header-below-stick-meta":"","astra-migrate-meta-layouts":"default","ast-page-background-enabled":"default","ast-page-background-meta":{"desktop":{"background-color":"var(--ast-global-color-4)","background-image":"","background-repeat":"repeat","background-position":"center center","background-size":"auto","background-attachment":"scroll","background-type":"","background-media":"","overlay-type":"","overlay-color":"","overlay-opacity":"","overlay-gradient":""},"tablet":{"background-color":"","background-image":"","background-repeat":"repeat","background-position":"center center","background-size":"auto","background-attachment":"scroll","background-type":"","background-media":"","overlay-type":"","overlay-color":"","overlay-opacity":"","overlay-gradient":""},"mobile":{"background-color":"","background-image":"","background-repeat":"repeat","background-position":"center center","background-size":"auto","background-attachment":"scroll","background-type":"","background-media":"","overlay-type":"","overlay-color":"","overlay-opacity":"","overlay-gradient":""}},"ast-content-background-meta":{"desktop":{"background-color":"var(--ast-global-color-5)","background-image":"","background-repeat":"repeat","background-position":"center center","background-size":"auto","background-attachment":"scroll","background-type":"","background-media":"","overlay-type":"","overlay-color":"","overlay-opacity":"","overlay-gradient":""},"tablet":{"background-color":"var(--ast-global-color-5)","background-image":"","background-repeat":"repeat","background-position":"center center","background-size":"auto","background-attachment":"scroll","background-type":"","background-media":"","overlay-type":"","overlay-color":"","overlay-opacity":"","overlay-gradient":""},"mobile":{"background-color":"var(--ast-global-color-5)","background-image":"","background-repeat":"repeat","background-position":"center center","background-size":"auto","background-attachment":"scroll","background-type":"","background-media":"","overlay-type":"","overlay-color":"","overlay-opacity":"","overlay-gradient":""}},"footnotes":""},"class_list":["post-63","page","type-page","status-publish","hentry"],"yoast_head":"<!-- This site is optimized with the Yoast SEO plugin v27.0 - https:\/\/yoast.com\/product\/yoast-seo-wordpress\/ -->\n<title>Services -<\/title>\n<meta name=\"robots\" content=\"index, follow, max-snippet:-1, max-image-preview:large, max-video-preview:-1\" \/>\n<link rel=\"canonical\" href=\"https:\/\/dftechnic.com\/de\/services\/\" \/>\n<meta property=\"og:locale\" content=\"de_DE\" \/>\n<meta property=\"og:type\" content=\"article\" \/>\n<meta property=\"og:title\" content=\"Services -\" \/>\n<meta property=\"og:description\" content=\"Advanced Cutting-Edge Insulation Solutions Worldwide 01. Turbines Insulation Our turbine insulation solutions are designed with advanced materials to optimize efficiency [&hellip;]\" \/>\n<meta property=\"og:url\" content=\"https:\/\/dftechnic.com\/de\/services\/\" \/>\n<meta property=\"article:modified_time\" content=\"2024-09-24T19:00:53+00:00\" \/>\n<meta property=\"og:image\" content=\"https:\/\/dftechnic.com\/wp-content\/uploads\/2024\/07\/TURBINY-2-1024x576.jpg\" \/>\n<meta name=\"twitter:card\" content=\"summary_large_image\" \/>\n<meta name=\"twitter:label1\" content=\"Gesch\u00e4tzte Lesezeit\" \/>\n\t<meta name=\"twitter:data1\" content=\"3\u00a0Minuten\" \/>\n<script type=\"application\/ld+json\" class=\"yoast-schema-graph\">{\"@context\":\"https:\/\/schema.org\",\"@graph\":[{\"@type\":\"WebPage\",\"@id\":\"https:\/\/dftechnic.com\/services\/\",\"url\":\"https:\/\/dftechnic.com\/services\/\",\"name\":\"Services -\",\"isPartOf\":{\"@id\":\"https:\/\/dftechnic.com\/#website\"},\"primaryImageOfPage\":{\"@id\":\"https:\/\/dftechnic.com\/services\/#primaryimage\"},\"image\":{\"@id\":\"https:\/\/dftechnic.com\/services\/#primaryimage\"},\"thumbnailUrl\":\"https:\/\/dftechnic.com\/wp-content\/uploads\/2024\/07\/TURBINY-2-1024x576.jpg\",\"datePublished\":\"2024-07-14T10:02:21+00:00\",\"dateModified\":\"2024-09-24T19:00:53+00:00\",\"breadcrumb\":{\"@id\":\"https:\/\/dftechnic.com\/services\/#breadcrumb\"},\"inLanguage\":\"de\",\"potentialAction\":[{\"@type\":\"ReadAction\",\"target\":[\"https:\/\/dftechnic.com\/services\/\"]}]},{\"@type\":\"ImageObject\",\"inLanguage\":\"de\",\"@id\":\"https:\/\/dftechnic.com\/services\/#primaryimage\",\"url\":\"https:\/\/dftechnic.com\/wp-content\/uploads\/2024\/07\/TURBINY-2-1024x576.jpg\",\"contentUrl\":\"https:\/\/dftechnic.com\/wp-content\/uploads\/2024\/07\/TURBINY-2-1024x576.jpg\"},{\"@type\":\"BreadcrumbList\",\"@id\":\"https:\/\/dftechnic.com\/services\/#breadcrumb\",\"itemListElement\":[{\"@type\":\"ListItem\",\"position\":1,\"name\":\"Home\",\"item\":\"https:\/\/dftechnic.com\/\"},{\"@type\":\"ListItem\",\"position\":2,\"name\":\"Services\"}]},{\"@type\":\"WebSite\",\"@id\":\"https:\/\/dftechnic.com\/#website\",\"url\":\"https:\/\/dftechnic.com\/\",\"name\":\"dftechnic gmbh\",\"description\":\"\",\"publisher\":{\"@id\":\"https:\/\/dftechnic.com\/#organization\"},\"potentialAction\":[{\"@type\":\"SearchAction\",\"target\":{\"@type\":\"EntryPoint\",\"urlTemplate\":\"https:\/\/dftechnic.com\/?s={search_term_string}\"},\"query-input\":{\"@type\":\"PropertyValueSpecification\",\"valueRequired\":true,\"valueName\":\"search_term_string\"}}],\"inLanguage\":\"de\"},{\"@type\":\"Organization\",\"@id\":\"https:\/\/dftechnic.com\/#organization\",\"name\":\"DFTechnic GmbH\",\"url\":\"https:\/\/dftechnic.com\/\",\"logo\":{\"@type\":\"ImageObject\",\"inLanguage\":\"de\",\"@id\":\"https:\/\/dftechnic.com\/#\/schema\/logo\/image\/\",\"url\":\"https:\/\/dftechnic.com\/wp-content\/uploads\/2024\/07\/cropped-717875BD-1633-41DF-A58A-1DA7ECA6A73E.jpeg\",\"contentUrl\":\"https:\/\/dftechnic.com\/wp-content\/uploads\/2024\/07\/cropped-717875BD-1633-41DF-A58A-1DA7ECA6A73E.jpeg\",\"width\":883,\"height\":532,\"caption\":\"DFTechnic GmbH\"},\"image\":{\"@id\":\"https:\/\/dftechnic.com\/#\/schema\/logo\/image\/\"}}]}<\/script>\n<!-- \/ Yoast SEO plugin. -->","yoast_head_json":{"title":"Services -","robots":{"index":"index","follow":"follow","max-snippet":"max-snippet:-1","max-image-preview":"max-image-preview:large","max-video-preview":"max-video-preview:-1"},"canonical":"https:\/\/dftechnic.com\/de\/services\/","og_locale":"de_DE","og_type":"article","og_title":"Services -","og_description":"Advanced Cutting-Edge Insulation Solutions Worldwide 01. Turbines Insulation Our turbine insulation solutions are designed with advanced materials to optimize efficiency [&hellip;]","og_url":"https:\/\/dftechnic.com\/de\/services\/","article_modified_time":"2024-09-24T19:00:53+00:00","og_image":[{"url":"https:\/\/dftechnic.com\/wp-content\/uploads\/2024\/07\/TURBINY-2-1024x576.jpg","type":"","width":"","height":""}],"twitter_card":"summary_large_image","twitter_misc":{"Gesch\u00e4tzte Lesezeit":"3\u00a0Minuten"},"schema":{"@context":"https:\/\/schema.org","@graph":[{"@type":"WebPage","@id":"https:\/\/dftechnic.com\/services\/","url":"https:\/\/dftechnic.com\/services\/","name":"Services -","isPartOf":{"@id":"https:\/\/dftechnic.com\/#website"},"primaryImageOfPage":{"@id":"https:\/\/dftechnic.com\/services\/#primaryimage"},"image":{"@id":"https:\/\/dftechnic.com\/services\/#primaryimage"},"thumbnailUrl":"https:\/\/dftechnic.com\/wp-content\/uploads\/2024\/07\/TURBINY-2-1024x576.jpg","datePublished":"2024-07-14T10:02:21+00:00","dateModified":"2024-09-24T19:00:53+00:00","breadcrumb":{"@id":"https:\/\/dftechnic.com\/services\/#breadcrumb"},"inLanguage":"de","potentialAction":[{"@type":"ReadAction","target":["https:\/\/dftechnic.com\/services\/"]}]},{"@type":"ImageObject","inLanguage":"de","@id":"https:\/\/dftechnic.com\/services\/#primaryimage","url":"https:\/\/dftechnic.com\/wp-content\/uploads\/2024\/07\/TURBINY-2-1024x576.jpg","contentUrl":"https:\/\/dftechnic.com\/wp-content\/uploads\/2024\/07\/TURBINY-2-1024x576.jpg"},{"@type":"BreadcrumbList","@id":"https:\/\/dftechnic.com\/services\/#breadcrumb","itemListElement":[{"@type":"ListItem","position":1,"name":"Home","item":"https:\/\/dftechnic.com\/"},{"@type":"ListItem","position":2,"name":"Services"}]},{"@type":"WebSite","@id":"https:\/\/dftechnic.com\/#website","url":"https:\/\/dftechnic.com\/","name":"dftechnic gmbh","description":"","publisher":{"@id":"https:\/\/dftechnic.com\/#organization"},"potentialAction":[{"@type":"SearchAction","target":{"@type":"EntryPoint","urlTemplate":"https:\/\/dftechnic.com\/?s={search_term_string}"},"query-input":{"@type":"PropertyValueSpecification","valueRequired":true,"valueName":"search_term_string"}}],"inLanguage":"de"},{"@type":"Organization","@id":"https:\/\/dftechnic.com\/#organization","name":"DFTechnic GmbH","url":"https:\/\/dftechnic.com\/","logo":{"@type":"ImageObject","inLanguage":"de","@id":"https:\/\/dftechnic.com\/#\/schema\/logo\/image\/","url":"https:\/\/dftechnic.com\/wp-content\/uploads\/2024\/07\/cropped-717875BD-1633-41DF-A58A-1DA7ECA6A73E.jpeg","contentUrl":"https:\/\/dftechnic.com\/wp-content\/uploads\/2024\/07\/cropped-717875BD-1633-41DF-A58A-1DA7ECA6A73E.jpeg","width":883,"height":532,"caption":"DFTechnic GmbH"},"image":{"@id":"https:\/\/dftechnic.com\/#\/schema\/logo\/image\/"}}]}},"uagb_featured_image_src":{"full":false,"thumbnail":false,"medium":false,"medium_large":false,"large":false,"1536x1536":false,"2048x2048":false,"trp-custom-language-flag":false},"uagb_author_info":{"display_name":"admin","author_link":"https:\/\/dftechnic.com\/de\/author\/admin\/"},"uagb_comment_info":0,"uagb_excerpt":"Advanced Cutting-Edge Insulation Solutions Worldwide 01. Turbines Insulation Our turbine insulation solutions are designed with advanced materials to optimize efficiency [&hellip;]","_links":{"self":[{"href":"https:\/\/dftechnic.com\/de\/wp-json\/wp\/v2\/pages\/63","targetHints":{"allow":["GET"]}}],"collection":[{"href":"https:\/\/dftechnic.com\/de\/wp-json\/wp\/v2\/pages"}],"about":[{"href":"https:\/\/dftechnic.com\/de\/wp-json\/wp\/v2\/types\/page"}],"author":[{"embeddable":true,"href":"https:\/\/dftechnic.com\/de\/wp-json\/wp\/v2\/users\/1"}],"replies":[{"embeddable":true,"href":"https:\/\/dftechnic.com\/de\/wp-json\/wp\/v2\/comments?post=63"}],"version-history":[{"count":10,"href":"https:\/\/dftechnic.com\/de\/wp-json\/wp\/v2\/pages\/63\/revisions"}],"predecessor-version":[{"id":435,"href":"https:\/\/dftechnic.com\/de\/wp-json\/wp\/v2\/pages\/63\/revisions\/435"}],"wp:attachment":[{"href":"https:\/\/dftechnic.com\/de\/wp-json\/wp\/v2\/media?parent=63"}],"curies":[{"name":"wp","href":"https:\/\/api.w.org\/{rel}","templated":true}]}}