{"id":62,"date":"2024-07-14T12:02:21","date_gmt":"2024-07-14T10:02:21","guid":{"rendered":"https:\/\/dftechnic.com\/about\/"},"modified":"2024-11-19T08:44:25","modified_gmt":"2024-11-19T07:44:25","slug":"about","status":"publish","type":"page","link":"https:\/\/dftechnic.com\/de\/about\/","title":{"rendered":"\u00dcber uns"},"content":{"rendered":"<div class=\"wp-block-uagb-container uagb-block-a6be1363 alignfull uagb-is-root-container\"><div class=\"uagb-container__shape uagb-container__shape-bottom uagb-container__shape-flip uagb-container__invert\" data-negative=\"false\"><svg xmlns=\"https:\/\/www.w3.org\/2000\/svg\" viewbox=\"0 0 1000 100\" preserveaspectratio=\"none\"><path class=\"uagb-container__shape-fill\" d=\"M0,6V0h1000v100L0,6z\"><\/path><\/svg><\/div><div class=\"uagb-container-inner-blocks-wrap\">\n<div class=\"wp-block-uagb-advanced-heading uagb-block-81d18f4d\"><p class=\"uagb-desc-text\">Entdecken<\/p><h1 class=\"uagb-heading-text\">Die Exzellenz von DFTechnic weltweit enth\u00fcllen<\/h1><\/div>\n<\/div><\/div>\n\n\n\n<div class=\"wp-block-uagb-container uagb-block-9dbb18d7 alignfull uagb-is-root-container\"><div class=\"uagb-container__shape uagb-container__shape-top\"><svg xmlns=\"https:\/\/www.w3.org\/2000\/svg\" viewbox=\"0 0 2600 131.1\" preserveaspectratio=\"none\"><path class=\"uagb-container__shape-fill\" d=\"M0 0L2600 0 2600 69.1 0 0z\"><\/path><path class=\"uagb-container__shape-fill\" opacity=\"0.5\" d=\"M0 0L2600 0 2600 69.1 0 69.1z\"><\/path><path class=\"uagb-container__shape-fill\" opacity=\"0.25\" d=\"M2600 0L0 0 0 130.1 2600 69.1z\"><\/path><\/svg><\/div><div class=\"uagb-container-inner-blocks-wrap\">\n<div class=\"wp-block-uagb-advanced-heading uagb-block-1fd5f659\"><p class=\"uagb-desc-text\">Unsere Geschichte<\/p><h2 class=\"uagb-heading-text\">Weltweite Innovation von Turbinen- und Industrieisolierungsl\u00f6sungen<\/h2><\/div>\n\n\n\n<div class=\"wp-block-uagb-container uagb-layout-grid uagb-block-84e20ad5\">\n<div data-aos= \"fade\" data-aos-duration=\"400\" data-aos-delay=\"0\" data-aos-easing=\"ease\" data-aos-once=\"true\" class=\"wp-block-uagb-image alignleft uagb-block-52eed376 wp-block-uagb-image--layout-overlay wp-block-uagb-image--effect-zoomin wp-block-uagb-image--align-left\"><figure class=\"wp-block-uagb-image__figure\"><img decoding=\"async\" srcset=\"https:\/\/dftechnic.com\/wp-content\/uploads\/2024\/07\/026C4681-627E-4029-98A0-5ED7DF2898D9-scaled.jpeg ,https:\/\/dftechnic.com\/wp-content\/uploads\/2024\/07\/026C4681-627E-4029-98A0-5ED7DF2898D9-scaled.jpeg 780w, https:\/\/dftechnic.com\/wp-content\/uploads\/2024\/07\/026C4681-627E-4029-98A0-5ED7DF2898D9-scaled.jpeg 360w\" sizes=\"auto, (max-width: 480px) 150px\" src=\"https:\/\/dftechnic.com\/wp-content\/uploads\/2024\/07\/026C4681-627E-4029-98A0-5ED7DF2898D9-scaled.jpeg\" alt=\"\" class=\"uag-image-262\" width=\"445\" height=\"440\" title=\"\" loading=\"lazy\" role=\"img\"\/><div class=\"wp-block-uagb-image--layout-overlay__color-wrapper\"><\/div><div class=\"wp-block-uagb-image--layout-overlay__inner center-center\"><\/div><\/figure><\/div>\n\n\n\n<div class=\"wp-block-uagb-info-box uagb-block-de5ccef8 uagb-infobox__content-wrap  uagb-infobox-icon-above-title uagb-infobox-image-valign-top wp-block-uagb-info-box--has-margin\"><div class=\"uagb-infobox-margin-wrapper\"><div class=\"uagb-ifb-content\"><div class=\"uagb-ifb-title-wrap\"><h3 class=\"uagb-ifb-title-prefix\">Durch die Bereitstellung erstklassiger Turbinen- und Industrieisolierungsl\u00f6sungen ist DFTechnic weltweit zu einem vertrauensw\u00fcrdigen Namen geworden, der die Erwartungen der Kunden konsequent \u00fcbertrifft.<\/h3><p class=\"uagb-ifb-title\">DFTechnic, ein renommiertes deutsches Unternehmen, f\u00fchrt den Markt f\u00fcr Turbinen- und Industrieisolierung sowie ma\u00dfgeschneiderte Dienstleistungen wie Spritzisolierung und gew\u00e4hrleistet weltweit un\u00fcbertroffene Qualit\u00e4t und Kundenzufriedenheit.<\/p><\/div><p class=\"uagb-ifb-desc\">Mit einem Fokus auf Innovation und kundenorientierte L\u00f6sungen hat DFTechnic kontinuierlich herausragende Ergebnisse in Turbinen- und Industrieisolierungsprojekten weltweit geliefert.<\/p><\/div><\/div><\/div>\n<\/div>\n<\/div><\/div>\n\n\n\n<div class=\"wp-block-uagb-container uagb-layout-grid uagb-block-80731fa3 alignfull uagb-is-root-container\"><div class=\"uagb-container__shape uagb-container__shape-top uagb-container__shape-flip\"><svg xmlns=\"https:\/\/www.w3.org\/2000\/svg\" viewbox=\"0 0 1000 100\" preserveaspectratio=\"none\"><path class=\"uagb-container__shape-fill\" d=\"M0,6V0h1000v100L0,6z\"><\/path><\/svg><\/div><div class=\"uagb-container__shape uagb-container__shape-bottom uagb-container__shape-flip uagb-container__invert\" data-negative=\"false\"><svg xmlns=\"https:\/\/www.w3.org\/2000\/svg\" viewbox=\"0 0 1000 100\" preserveaspectratio=\"none\"><path class=\"uagb-container__shape-fill\" d=\"M0,6V0h1000v100L0,6z\"><\/path><\/svg><\/div><div class=\"uagb-container-inner-blocks-wrap\">\n<div class=\"wp-block-uagb-info-box uagb-block-4184a682 uagb-infobox__content-wrap  uagb-infobox-icon-above-title uagb-infobox-image-valign-top wp-block-uagb-info-box--has-margin\"><div class=\"uagb-infobox-margin-wrapper\"><div class=\"uagb-ifb-content\"><div class=\"uagb-ifb-title-wrap\"><span class=\"uagb-ifb-title-prefix\">Unsere Reise<\/span><h2 class=\"uagb-ifb-title\">Entdecken Sie unsere Wurzeln und Entwicklung<\/h2><\/div><p class=\"uagb-ifb-desc\">DFTechnic, ein deutsches Unternehmen mit globaler Reichweite, ist eine wegweisende Kraft in der Turbinen- und Industrieisolierung. Mit einem Erbe der Exzellenz haben wir unseren Ruf weltweit f\u00fcr qualitativ hochwertige Handwerkskunst und moderne L\u00f6sungen gefestigt. Von unseren bescheidenen Anf\u00e4ngen bis zu unserer aktuellen Bedeutung haben wir kontinuierlich innoviert, um den sich wandelnden Bed\u00fcrfnissen unserer Kunden gerecht zu werden, und bieten Dienstleistungen wie Spritzisolierung und ma\u00dfgeschneiderte Isoliermatten an.<\/p><\/div><\/div><\/div>\n\n\n\n<div data-aos= \"fade\" data-aos-duration=\"400\" data-aos-delay=\"0\" data-aos-easing=\"ease\" data-aos-once=\"true\" class=\"wp-block-uagb-image alignright uagb-block-eb3eeb07 wp-block-uagb-image--layout-default wp-block-uagb-image--effect-zoomin wp-block-uagb-image--align-right\"><figure class=\"wp-block-uagb-image__figure\"><img decoding=\"async\" srcset=\"https:\/\/dftechnic.com\/wp-content\/uploads\/2024\/07\/IMG_5264-1-647x1024.jpeg ,https:\/\/dftechnic.com\/wp-content\/uploads\/2024\/07\/IMG_5264-1-scaled.jpeg 780w, https:\/\/dftechnic.com\/wp-content\/uploads\/2024\/07\/IMG_5264-1-scaled.jpeg 360w\" sizes=\"auto, (max-width: 480px) 150px\" src=\"https:\/\/dftechnic.com\/wp-content\/uploads\/2024\/07\/IMG_5264-1-647x1024.jpeg\" alt=\"\" class=\"uag-image-319\" width=\"475\" height=\"500\" title=\"\" loading=\"lazy\" role=\"img\"\/><\/figure><\/div>\n\n\n\n<ul class=\"wp-block-list\">\n<li><\/li>\n<\/ul>\n<\/div><\/div>\n\n\n\n<div class=\"wp-block-uagb-container uagb-block-f7d88070 alignfull uagb-is-root-container\"><div class=\"uagb-container__shape uagb-container__shape-top\"><svg xmlns=\"https:\/\/www.w3.org\/2000\/svg\" viewbox=\"0 0 2600 131.1\" preserveaspectratio=\"none\"><path class=\"uagb-container__shape-fill\" d=\"M0 0L2600 0 2600 69.1 0 0z\"><\/path><path class=\"uagb-container__shape-fill\" opacity=\"0.5\" d=\"M0 0L2600 0 2600 69.1 0 69.1z\"><\/path><path class=\"uagb-container__shape-fill\" opacity=\"0.25\" d=\"M2600 0L0 0 0 130.1 2600 69.1z\"><\/path><\/svg><\/div><div class=\"uagb-container-inner-blocks-wrap\">\n<div class=\"wp-block-uagb-advanced-heading uagb-block-87470b0a\"><p class=\"uagb-desc-text\">Unser Zweck<\/p><h2 class=\"uagb-heading-text\">Antriebskr\u00e4fte und Leitprinzipien<\/h2><\/div>\n\n\n\n<div class=\"wp-block-uagb-container uagb-block-6215ea89\">\n<div class=\"wp-block-uagb-advanced-heading uagb-block-809e447c\"><h3 class=\"uagb-heading-text\">Unsere Mission<\/h3><p class=\"uagb-desc-text\">DFTechnic hat sich der Bereitstellung erstklassiger Industrie- und Turbinenisolierungsl\u00f6sungen weltweit verschrieben. Wir setzen uns daf\u00fcr ein, nachhaltige Produkte zu innovieren, um Energieeffizienz und optimale Leistung f\u00fcr unsere Kunden zu gew\u00e4hrleisten, w\u00e4hrend wir eine Kultur der Exzellenz und Zuverl\u00e4ssigkeit in all unseren Bestrebungen f\u00f6rdern.<\/p><\/div>\n\n\n\n<div class=\"wp-block-uagb-separator uagb-block-7f2a0cab\"><div class=\"wp-block-uagb-separator__inner\" style=\"--my-background-image:\"><\/div><\/div>\n\n\n\n<div class=\"wp-block-uagb-advanced-heading uagb-block-0cc4a98e\"><h3 class=\"uagb-heading-text\">Kernwerte<\/h3><p class=\"uagb-desc-text\">Bei DFTechnic sind Integrit\u00e4t, Qualit\u00e4t und Innovation die Grundpfeiler unseres Handelns. Wir halten die h\u00f6chsten Standards in Handwerkskunst, Ethik und Umweltverantwortung ein und streben an, langfristige Beziehungen zu unseren Kunden auf der Grundlage von Vertrauen und gegenseitigem Erfolg aufzubauen.<\/p><\/div>\n<\/div>\n<\/div><\/div>\n\n\n\n<div class=\"wp-block-uagb-container uagb-block-df8ee77f alignfull uagb-is-root-container\"><div class=\"uagb-container__shape uagb-container__shape-top uagb-container__shape-flip\"><svg xmlns=\"https:\/\/www.w3.org\/2000\/svg\" viewbox=\"0 0 1000 100\" preserveaspectratio=\"none\"><path class=\"uagb-container__shape-fill\" d=\"M0,6V0h1000v100L0,6z\"><\/path><\/svg><\/div><div class=\"uagb-container-inner-blocks-wrap\">\n<div class=\"wp-block-uagb-advanced-heading uagb-block-da70d213\"><p class=\"uagb-desc-text\">Lernen Sie unsere Experten kennen<\/p><h2 class=\"uagb-heading-text\">Ein engagiertes Team von Fachleuten der Branche<\/h2><\/div>\n\n\n\n<div class=\"wp-block-group alignfull is-content-justification-center is-nowrap is-layout-flex wp-container-core-group-is-layout-23441af8 wp-block-group-is-layout-flex\">\n<div class=\"wp-block-uagb-container uagb-block-a31af704\">\n<div class=\"wp-block-uagb-info-box uagb-block-2b47405f uagb-infobox__content-wrap  uagb-infobox-icon-above-title uagb-infobox-image-valign-top\"><div class=\"uagb-ifb-content\"><div class=\"uagb-ifb-title-wrap\"><p class=\"uagb-ifb-title\"><a href=\"https:\/\/dftechnic.com\/info\/\">David Khan<\/a><\/p><\/div><p class=\"uagb-ifb-desc\">Verkaufsleiter<\/p><\/div><\/div>\n<\/div>\n\n\n\n<div class=\"wp-block-uagb-container uagb-block-5755988a\">\n<div class=\"wp-block-uagb-info-box uagb-block-8a861bdd uagb-infobox__content-wrap  uagb-infobox-icon-above-title uagb-infobox-image-valign-top\"><div class=\"uagb-ifb-content\"><div class=\"uagb-ifb-title-wrap\"><p class=\"uagb-ifb-title\"><a href=\"https:\/\/dftechnic.com\/info\/\">Lukas Tomczyk<\/a><\/p><\/div><p class=\"uagb-ifb-desc\">Projektingenieur<\/p><\/div><\/div>\n<\/div>\n<\/div>\n\n\n\n<div class=\"wp-block-group alignfull is-content-justification-center is-nowrap is-layout-flex wp-container-core-group-is-layout-23441af8 wp-block-group-is-layout-flex\">\n<div class=\"wp-block-uagb-container uagb-block-b3488aed\">\n<div class=\"wp-block-uagb-info-box uagb-block-c7b8ecc6 uagb-infobox__content-wrap  uagb-infobox-icon-above-title uagb-infobox-image-valign-top\"><div class=\"uagb-ifb-content\"><div class=\"uagb-ifb-title-wrap\"><p class=\"uagb-ifb-title\"><a href=\"https:\/\/dftechnic.com\/info\/\">Pawel Mendel<\/a><\/p><\/div><p class=\"uagb-ifb-desc\">Projektingenieur<\/p><\/div><\/div>\n<\/div>\n<\/div>\n\n\n\n<div class=\"wp-block-columns is-layout-flex wp-container-core-columns-is-layout-28f84493 wp-block-columns-is-layout-flex\"><\/div>\n<\/div><\/div>","protected":false},"excerpt":{"rendered":"<p>Discover Unveiling the Excellence of DFTechnic Worldwide Our Story Innovating Turbines and Industrial Insulation Solutions Globally Our Purpose Driving Forces [&hellip;]<\/p>\n","protected":false},"author":1,"featured_media":0,"parent":0,"menu_order":0,"comment_status":"closed","ping_status":"closed","template":"","meta":{"_uag_custom_page_level_css":"","site-sidebar-layout":"default","site-content-layout":"","ast-site-content-layout":"default","site-content-style":"default","site-sidebar-style":"default","ast-global-header-display":"","ast-banner-title-visibility":"","ast-main-header-display":"","ast-hfb-above-header-display":"","ast-hfb-below-header-display":"","ast-hfb-mobile-header-display":"","site-post-title":"disabled","ast-breadcrumbs-content":"","ast-featured-img":"","footer-sml-layout":"","ast-disable-related-posts":"","theme-transparent-header-meta":"","adv-header-id-meta":"","stick-header-meta":"","header-above-stick-meta":"","header-main-stick-meta":"","header-below-stick-meta":"","astra-migrate-meta-layouts":"default","ast-page-background-enabled":"default","ast-page-background-meta":{"desktop":{"background-color":"var(--ast-global-color-4)","background-image":"","background-repeat":"repeat","background-position":"center center","background-size":"auto","background-attachment":"scroll","background-type":"","background-media":"","overlay-type":"","overlay-color":"","overlay-opacity":"","overlay-gradient":""},"tablet":{"background-color":"","background-image":"","background-repeat":"repeat","background-position":"center center","background-size":"auto","background-attachment":"scroll","background-type":"","background-media":"","overlay-type":"","overlay-color":"","overlay-opacity":"","overlay-gradient":""},"mobile":{"background-color":"","background-image":"","background-repeat":"repeat","background-position":"center center","background-size":"auto","background-attachment":"scroll","background-type":"","background-media":"","overlay-type":"","overlay-color":"","overlay-opacity":"","overlay-gradient":""}},"ast-content-background-meta":{"desktop":{"background-color":"var(--ast-global-color-5)","background-image":"","background-repeat":"repeat","background-position":"center center","background-size":"auto","background-attachment":"scroll","background-type":"","background-media":"","overlay-type":"","overlay-color":"","overlay-opacity":"","overlay-gradient":""},"tablet":{"background-color":"var(--ast-global-color-5)","background-image":"","background-repeat":"repeat","background-position":"center center","background-size":"auto","background-attachment":"scroll","background-type":"","background-media":"","overlay-type":"","overlay-color":"","overlay-opacity":"","overlay-gradient":""},"mobile":{"background-color":"var(--ast-global-color-5)","background-image":"","background-repeat":"repeat","background-position":"center center","background-size":"auto","background-attachment":"scroll","background-type":"","background-media":"","overlay-type":"","overlay-color":"","overlay-opacity":"","overlay-gradient":""}},"footnotes":""},"class_list":["post-62","page","type-page","status-publish","hentry"],"yoast_head":"<!-- This site is optimized with the Yoast SEO plugin v27.0 - https:\/\/yoast.com\/product\/yoast-seo-wordpress\/ -->\n<title>About -<\/title>\n<meta name=\"description\" content=\"DFTechnic \/ Calculations \/ Design \/ Executive Drawings \/ Turbine Housings \/ Sub-Construction \/ Installation \/ Technical Advice \/ Supervision Inspection\" \/>\n<meta name=\"robots\" content=\"index, follow, max-snippet:-1, max-image-preview:large, max-video-preview:-1\" \/>\n<link rel=\"canonical\" href=\"https:\/\/dftechnic.com\/de\/about\/\" \/>\n<meta property=\"og:locale\" content=\"de_DE\" \/>\n<meta property=\"og:type\" content=\"article\" \/>\n<meta property=\"og:title\" content=\"About -\" \/>\n<meta property=\"og:description\" content=\"DFTechnic \/ Calculations \/ Design \/ Executive Drawings \/ Turbine Housings \/ Sub-Construction \/ Installation \/ Technical Advice \/ Supervision Inspection\" \/>\n<meta property=\"og:url\" content=\"https:\/\/dftechnic.com\/de\/about\/\" \/>\n<meta property=\"article:modified_time\" content=\"2024-11-19T07:44:25+00:00\" \/>\n<meta property=\"og:image\" content=\"https:\/\/dftechnic.com\/wp-content\/uploads\/2024\/07\/026C4681-627E-4029-98A0-5ED7DF2898D9-scaled.jpeg\" \/>\n<meta name=\"twitter:card\" content=\"summary_large_image\" \/>\n<meta name=\"twitter:label1\" content=\"Gesch\u00e4tzte Lesezeit\" \/>\n\t<meta name=\"twitter:data1\" content=\"2\u00a0Minuten\" \/>\n<script type=\"application\/ld+json\" class=\"yoast-schema-graph\">{\"@context\":\"https:\/\/schema.org\",\"@graph\":[{\"@type\":\"WebPage\",\"@id\":\"https:\/\/dftechnic.com\/about\/\",\"url\":\"https:\/\/dftechnic.com\/about\/\",\"name\":\"About -\",\"isPartOf\":{\"@id\":\"https:\/\/dftechnic.com\/#website\"},\"primaryImageOfPage\":{\"@id\":\"https:\/\/dftechnic.com\/about\/#primaryimage\"},\"image\":{\"@id\":\"https:\/\/dftechnic.com\/about\/#primaryimage\"},\"thumbnailUrl\":\"https:\/\/dftechnic.com\/wp-content\/uploads\/2024\/07\/026C4681-627E-4029-98A0-5ED7DF2898D9-scaled.jpeg\",\"datePublished\":\"2024-07-14T10:02:21+00:00\",\"dateModified\":\"2024-11-19T07:44:25+00:00\",\"description\":\"DFTechnic \/ Calculations \/ Design \/ Executive Drawings \/ Turbine Housings \/ Sub-Construction \/ Installation \/ Technical Advice \/ Supervision Inspection\",\"breadcrumb\":{\"@id\":\"https:\/\/dftechnic.com\/about\/#breadcrumb\"},\"inLanguage\":\"de\",\"potentialAction\":[{\"@type\":\"ReadAction\",\"target\":[\"https:\/\/dftechnic.com\/about\/\"]}]},{\"@type\":\"ImageObject\",\"inLanguage\":\"de\",\"@id\":\"https:\/\/dftechnic.com\/about\/#primaryimage\",\"url\":\"https:\/\/dftechnic.com\/wp-content\/uploads\/2024\/07\/026C4681-627E-4029-98A0-5ED7DF2898D9-scaled.jpeg\",\"contentUrl\":\"https:\/\/dftechnic.com\/wp-content\/uploads\/2024\/07\/026C4681-627E-4029-98A0-5ED7DF2898D9-scaled.jpeg\"},{\"@type\":\"BreadcrumbList\",\"@id\":\"https:\/\/dftechnic.com\/about\/#breadcrumb\",\"itemListElement\":[{\"@type\":\"ListItem\",\"position\":1,\"name\":\"Home\",\"item\":\"https:\/\/dftechnic.com\/\"},{\"@type\":\"ListItem\",\"position\":2,\"name\":\"About\"}]},{\"@type\":\"WebSite\",\"@id\":\"https:\/\/dftechnic.com\/#website\",\"url\":\"https:\/\/dftechnic.com\/\",\"name\":\"dftechnic gmbh\",\"description\":\"\",\"publisher\":{\"@id\":\"https:\/\/dftechnic.com\/#organization\"},\"potentialAction\":[{\"@type\":\"SearchAction\",\"target\":{\"@type\":\"EntryPoint\",\"urlTemplate\":\"https:\/\/dftechnic.com\/?s={search_term_string}\"},\"query-input\":{\"@type\":\"PropertyValueSpecification\",\"valueRequired\":true,\"valueName\":\"search_term_string\"}}],\"inLanguage\":\"de\"},{\"@type\":\"Organization\",\"@id\":\"https:\/\/dftechnic.com\/#organization\",\"name\":\"DFTechnic GmbH\",\"url\":\"https:\/\/dftechnic.com\/\",\"logo\":{\"@type\":\"ImageObject\",\"inLanguage\":\"de\",\"@id\":\"https:\/\/dftechnic.com\/#\/schema\/logo\/image\/\",\"url\":\"https:\/\/dftechnic.com\/wp-content\/uploads\/2024\/07\/cropped-717875BD-1633-41DF-A58A-1DA7ECA6A73E.jpeg\",\"contentUrl\":\"https:\/\/dftechnic.com\/wp-content\/uploads\/2024\/07\/cropped-717875BD-1633-41DF-A58A-1DA7ECA6A73E.jpeg\",\"width\":883,\"height\":532,\"caption\":\"DFTechnic GmbH\"},\"image\":{\"@id\":\"https:\/\/dftechnic.com\/#\/schema\/logo\/image\/\"}}]}<\/script>\n<!-- \/ Yoast SEO plugin. -->","yoast_head_json":{"title":"About -","description":"DFTechnic \/ Calculations \/ Design \/ Executive Drawings \/ Turbine Housings \/ Sub-Construction \/ Installation \/ Technical Advice \/ Supervision Inspection","robots":{"index":"index","follow":"follow","max-snippet":"max-snippet:-1","max-image-preview":"max-image-preview:large","max-video-preview":"max-video-preview:-1"},"canonical":"https:\/\/dftechnic.com\/de\/about\/","og_locale":"de_DE","og_type":"article","og_title":"About -","og_description":"DFTechnic \/ Calculations \/ Design \/ Executive Drawings \/ Turbine Housings \/ Sub-Construction \/ Installation \/ Technical Advice \/ Supervision Inspection","og_url":"https:\/\/dftechnic.com\/de\/about\/","article_modified_time":"2024-11-19T07:44:25+00:00","og_image":[{"url":"https:\/\/dftechnic.com\/wp-content\/uploads\/2024\/07\/026C4681-627E-4029-98A0-5ED7DF2898D9-scaled.jpeg","type":"","width":"","height":""}],"twitter_card":"summary_large_image","twitter_misc":{"Gesch\u00e4tzte Lesezeit":"2\u00a0Minuten"},"schema":{"@context":"https:\/\/schema.org","@graph":[{"@type":"WebPage","@id":"https:\/\/dftechnic.com\/about\/","url":"https:\/\/dftechnic.com\/about\/","name":"About -","isPartOf":{"@id":"https:\/\/dftechnic.com\/#website"},"primaryImageOfPage":{"@id":"https:\/\/dftechnic.com\/about\/#primaryimage"},"image":{"@id":"https:\/\/dftechnic.com\/about\/#primaryimage"},"thumbnailUrl":"https:\/\/dftechnic.com\/wp-content\/uploads\/2024\/07\/026C4681-627E-4029-98A0-5ED7DF2898D9-scaled.jpeg","datePublished":"2024-07-14T10:02:21+00:00","dateModified":"2024-11-19T07:44:25+00:00","description":"DFTechnic \/ Calculations \/ Design \/ Executive Drawings \/ Turbine Housings \/ Sub-Construction \/ Installation \/ Technical Advice \/ Supervision Inspection","breadcrumb":{"@id":"https:\/\/dftechnic.com\/about\/#breadcrumb"},"inLanguage":"de","potentialAction":[{"@type":"ReadAction","target":["https:\/\/dftechnic.com\/about\/"]}]},{"@type":"ImageObject","inLanguage":"de","@id":"https:\/\/dftechnic.com\/about\/#primaryimage","url":"https:\/\/dftechnic.com\/wp-content\/uploads\/2024\/07\/026C4681-627E-4029-98A0-5ED7DF2898D9-scaled.jpeg","contentUrl":"https:\/\/dftechnic.com\/wp-content\/uploads\/2024\/07\/026C4681-627E-4029-98A0-5ED7DF2898D9-scaled.jpeg"},{"@type":"BreadcrumbList","@id":"https:\/\/dftechnic.com\/about\/#breadcrumb","itemListElement":[{"@type":"ListItem","position":1,"name":"Home","item":"https:\/\/dftechnic.com\/"},{"@type":"ListItem","position":2,"name":"About"}]},{"@type":"WebSite","@id":"https:\/\/dftechnic.com\/#website","url":"https:\/\/dftechnic.com\/","name":"dftechnic gmbh","description":"","publisher":{"@id":"https:\/\/dftechnic.com\/#organization"},"potentialAction":[{"@type":"SearchAction","target":{"@type":"EntryPoint","urlTemplate":"https:\/\/dftechnic.com\/?s={search_term_string}"},"query-input":{"@type":"PropertyValueSpecification","valueRequired":true,"valueName":"search_term_string"}}],"inLanguage":"de"},{"@type":"Organization","@id":"https:\/\/dftechnic.com\/#organization","name":"DFTechnic GmbH","url":"https:\/\/dftechnic.com\/","logo":{"@type":"ImageObject","inLanguage":"de","@id":"https:\/\/dftechnic.com\/#\/schema\/logo\/image\/","url":"https:\/\/dftechnic.com\/wp-content\/uploads\/2024\/07\/cropped-717875BD-1633-41DF-A58A-1DA7ECA6A73E.jpeg","contentUrl":"https:\/\/dftechnic.com\/wp-content\/uploads\/2024\/07\/cropped-717875BD-1633-41DF-A58A-1DA7ECA6A73E.jpeg","width":883,"height":532,"caption":"DFTechnic GmbH"},"image":{"@id":"https:\/\/dftechnic.com\/#\/schema\/logo\/image\/"}}]}},"uagb_featured_image_src":{"full":false,"thumbnail":false,"medium":false,"medium_large":false,"large":false,"1536x1536":false,"2048x2048":false,"trp-custom-language-flag":false},"uagb_author_info":{"display_name":"admin","author_link":"https:\/\/dftechnic.com\/de\/author\/admin\/"},"uagb_comment_info":0,"uagb_excerpt":"Discover Unveiling the Excellence of DFTechnic Worldwide Our Story Innovating Turbines and Industrial Insulation Solutions Globally Our Purpose Driving Forces [&hellip;]","_links":{"self":[{"href":"https:\/\/dftechnic.com\/de\/wp-json\/wp\/v2\/pages\/62","targetHints":{"allow":["GET"]}}],"collection":[{"href":"https:\/\/dftechnic.com\/de\/wp-json\/wp\/v2\/pages"}],"about":[{"href":"https:\/\/dftechnic.com\/de\/wp-json\/wp\/v2\/types\/page"}],"author":[{"embeddable":true,"href":"https:\/\/dftechnic.com\/de\/wp-json\/wp\/v2\/users\/1"}],"replies":[{"embeddable":true,"href":"https:\/\/dftechnic.com\/de\/wp-json\/wp\/v2\/comments?post=62"}],"version-history":[{"count":19,"href":"https:\/\/dftechnic.com\/de\/wp-json\/wp\/v2\/pages\/62\/revisions"}],"predecessor-version":[{"id":446,"href":"https:\/\/dftechnic.com\/de\/wp-json\/wp\/v2\/pages\/62\/revisions\/446"}],"wp:attachment":[{"href":"https:\/\/dftechnic.com\/de\/wp-json\/wp\/v2\/media?parent=62"}],"curies":[{"name":"wp","href":"https:\/\/api.w.org\/{rel}","templated":true}]}}